{"id":168,"date":"2023-03-03T15:28:59","date_gmt":"2023-03-03T15:28:59","guid":{"rendered":"https:\/\/casafabulosa.com\/?page_id=168"},"modified":"2023-03-06T11:22:10","modified_gmt":"2023-03-06T11:22:10","slug":"168-2","status":"publish","type":"page","link":"https:\/\/casafabulosa.com\/index.php\/168-2\/","title":{"rendered":"Alejandro"},"content":{"rendered":"<p>[et_pb_section fb_built=\u00bb1&#8243; admin_label=\u00bbAbout\u00bb _builder_version=\u00bb4.18.0&#8243; _module_preset=\u00bbdefault\u00bb locked=\u00bboff\u00bb collapsed=\u00bbon\u00bb global_colors_info=\u00bb{}\u00bb][et_pb_row column_structure=\u00bb1_2,1_2&#8243; make_equal=\u00bbon\u00bb _builder_version=\u00bb4.19.5&#8243; _module_preset=\u00bbdefault\u00bb global_colors_info=\u00bb{}\u00bb][et_pb_column type=\u00bb1_2&#8243; _builder_version=\u00bb4.18.0&#8243; _module_preset=\u00bbdefault\u00bb z_index=\u00bb10&#8243; custom_padding=\u00bb8%|10%|8%||true|false\u00bb global_colors_info=\u00bb{}\u00bb][et_pb_text _builder_version=\u00bb4.19.5&#8243; _module_preset=\u00bbe6504a1b-67eb-4b3d-b023-bcab277610b6&#8243; header_4_font=\u00bbUbuntu|700||on|||||\u00bb header_4_text_color=\u00bb#7090AE\u00bb header_4_font_size=\u00bb14px\u00bb header_4_line_height=\u00bb1.5em\u00bb custom_margin=\u00bb||0px||false|false\u00bb hover_enabled=\u00bb0&#8243; global_colors_info=\u00bb{}\u00bb sticky_enabled=\u00bb0&#8243;]<\/p>\n<h4>\u00a1Hola!<\/h4>\n<p>[\/et_pb_text][et_pb_text _builder_version=\u00bb4.19.5&#8243; _module_preset=\u00bbb327cbe4-b1d5-4b66-ad37-40c8f2f061ba\u00bb header_2_font=\u00bbPlayfair Display|700|||||||\u00bb header_2_text_color=\u00bb#000000&#8243; header_2_font_size=\u00bb45px\u00bb header_2_line_height=\u00bb1.35em\u00bb custom_margin=\u00bb||30px||false|false\u00bb header_2_font_size_tablet=\u00bb32px\u00bb header_2_font_size_phone=\u00bb20px\u00bb header_2_font_size_last_edited=\u00bbon|desktop\u00bb global_colors_info=\u00bb{}\u00bb]<\/p>\n<h2><span>Conoce a Alejandro: tu agente inmobiliario en Mazatl\u00e1n con m\u00e1s de 15 a\u00f1os de experiencia<\/span>.<\/h2>\n<p>[\/et_pb_text][et_pb_text _builder_version=\u00bb4.19.5&#8243; _module_preset=\u00bb1f09816e-184e-4ce5-a4cf-b39c52c423ca\u00bb text_font=\u00bbNanum Gothic||||||||\u00bb text_font_size=\u00bb16px\u00bb text_line_height=\u00bb1.8em\u00bb custom_margin=\u00bb||30px||false|false\u00bb hover_enabled=\u00bb0&#8243; text_font_size_tablet=\u00bb15px\u00bb text_font_size_phone=\u00bb14px\u00bb text_font_size_last_edited=\u00bbon|phone\u00bb header_font_size_tablet=\u00bb55px\u00bb header_font_size_last_edited=\u00bboff|desktop\u00bb global_colors_info=\u00bb{}\u00bb sticky_enabled=\u00bb0&#8243;]<\/p>\n<p><span>\u00a1Hola! Soy Alejandro, un agente inmobiliario con m\u00e1s de 15 a\u00f1os de experiencia en Mazatl\u00e1n. Si buscas comprar, vender, rentar o administrar una propiedad, has llegado al lugar correcto. Mi amplia experiencia en el mercado inmobiliario me permite ofrecerte un servicio de asesor\u00eda profesional y personalizada, con el objetivo de encontrar la mejor soluci\u00f3n para tus necesidades. Estoy aqu\u00ed para ayudarte en todo el proceso y garantizar que obtengas los mejores resultados. Cont\u00e1ctame hoy mismo para que podamos iniciar una conversaci\u00f3n y comenzar a trabajar juntos en el cumplimiento de tus objetivos inmobiliarios.<\/span><\/p>\n<p>[\/et_pb_text][et_pb_button button_text=\u00bbLeer m\u00e1s\u00bb _builder_version=\u00bb4.19.5&#8243; _module_preset=\u00bb3117bc07-6a8a-4679-b3bb-b6ed74b48a2f\u00bb custom_button=\u00bbon\u00bb button_text_size=\u00bb14px\u00bb button_text_color=\u00bb#7090AE\u00bb button_bg_color=\u00bb#E6EEF2&#8243; button_border_width=\u00bb0px\u00bb button_border_radius=\u00bb0px\u00bb button_font=\u00bbUbuntu|700||on|||||\u00bb custom_padding=\u00bb16px|24px|16px|24px|true|true\u00bb hover_enabled=\u00bb0&#8243; global_colors_info=\u00bb{}\u00bb sticky_enabled=\u00bb0&#8243;][\/et_pb_button][\/et_pb_column][et_pb_column type=\u00bb1_2&#8243; _builder_version=\u00bb4.19.5&#8243; _module_preset=\u00bbdefault\u00bb background_image=\u00bbhttps:\/\/casafabulosa.com\/wp-content\/uploads\/2023\/01\/Alejandro.jpg\u00bb background_position=\u00bbtop_center\u00bb global_colors_info=\u00bb{}\u00bb][et_pb_divider show_divider=\u00bboff\u00bb _builder_version=\u00bb4.18.0&#8243; _module_preset=\u00bbdefault\u00bb height_tablet=\u00bb60vw\u00bb height_phone=\u00bb60vw\u00bb height_last_edited=\u00bbon|desktop\u00bb global_colors_info=\u00bb{}\u00bb][\/et_pb_divider][et_pb_image src=\u00bbhttps:\/\/casafabulosa.com\/wp-content\/uploads\/2023\/03\/real-estate-38.png\u00bb title_text=\u00bbreal-estate-38&#8243; _builder_version=\u00bb4.18.0&#8243; _module_preset=\u00bbdefault\u00bb transform_scale_tablet=\u00bb\u00bb transform_scale_phone=\u00bb\u00bb transform_scale_last_edited=\u00bbon|tablet\u00bb transform_rotate=\u00bb0deg|0deg|-160deg\u00bb transform_rotate_tablet=\u00bb0deg|0deg|215deg\u00bb transform_rotate_phone=\u00bb0deg|0deg|215deg\u00bb transform_rotate_last_edited=\u00bbon|tablet\u00bb transform_skew_tablet=\u00bb\u00bb transform_skew_phone=\u00bb\u00bb transform_skew_last_edited=\u00bbon|tablet\u00bb transform_origin_tablet=\u00bb\u00bb transform_origin_phone=\u00bb\u00bb transform_origin_last_edited=\u00bbon|tablet\u00bb positioning=\u00bbabsolute\u00bb position_origin_a=\u00bbcenter_left\u00bb width=\u00bb24%\u00bb global_colors_info=\u00bb{}\u00bb][\/et_pb_image][\/et_pb_column][\/et_pb_row][et_pb_row _builder_version=\u00bb4.18.0&#8243; _module_preset=\u00bbdefault\u00bb global_colors_info=\u00bb{}\u00bb][et_pb_column type=\u00bb4_4&#8243; _builder_version=\u00bb4.18.0&#8243; _module_preset=\u00bbdefault\u00bb global_colors_info=\u00bb{}\u00bb][et_pb_text _builder_version=\u00bb4.19.5&#8243; _module_preset=\u00bb1f09816e-184e-4ce5-a4cf-b39c52c423ca\u00bb text_font=\u00bbNanum Gothic||||||||\u00bb text_font_size=\u00bb16px\u00bb text_line_height=\u00bb1.8em\u00bb custom_margin=\u00bb||30px||false|false\u00bb text_font_size_tablet=\u00bb15px\u00bb text_font_size_phone=\u00bb14px\u00bb text_font_size_last_edited=\u00bbon|phone\u00bb header_font_size_tablet=\u00bb55px\u00bb header_font_size_last_edited=\u00bboff|desktop\u00bb locked=\u00bboff\u00bb global_colors_info=\u00bb{}\u00bb custom_padding=\u00bb||0px|||\u00bb]<\/p>\n<p>Como agente inmobiliario con m\u00e1s de 15 a\u00f1os de experiencia en Mazatl\u00e1n, entiendo la importancia de hacer una inversi\u00f3n inteligente al comprar, vender, rentar o administrar una propiedad. Mi amplio conocimiento del mercado y mi experiencia en la industria me permiten brindar una gu\u00eda profesional y personalizada para ayudarte a alcanzar tus objetivos.<\/p>\n<p>Si buscas comprar una propiedad, trabajar\u00e9 contigo para entender tus necesidades y deseos, desde el tipo de propiedad que buscas hasta la ubicaci\u00f3n y el presupuesto. Con mi experiencia en la negociaci\u00f3n, puedo ayudarte a obtener el mejor precio posible.<\/p>\n<p>Si necesitas vender una propiedad, puedo ayudarte a prepararla para el mercado y crear una estrategia de marketing efectiva para atraer a los compradores adecuados. Tambi\u00e9n puedo asesorarte sobre c\u00f3mo fijar un precio justo y ofrecer un excelente servicio al cliente durante todo el proceso de venta.<\/p>\n<p>Adem\u00e1s, si buscas rentar o administrar una propiedad, puedo ayudarte a encontrar inquilinos confiables y gestionar los aspectos financieros y legales de la propiedad de manera efectiva.<\/p>\n<p>Mi objetivo es asegurarme de que tengas una experiencia satisfactoria y exitosa en todas tus transacciones inmobiliarias. \u00a1No dudes en contactarme para recibir una gu\u00eda profesional y personalizada en todo el proceso!<\/p>\n<p>[\/et_pb_text][\/et_pb_column][\/et_pb_row][\/et_pb_section][et_pb_section fb_built=\u00bb1&#8243; admin_label=\u00bbFooter\u00bb _builder_version=\u00bb4.18.0&#8243; _module_preset=\u00bbdefault\u00bb background_color=\u00bb#000000&#8243; use_background_color_gradient=\u00bbon\u00bb background_color_gradient_stops=\u00bbrgba(0,0,0,0.77) 0%|#000000 100%\u00bb background_color_gradient_overlays_image=\u00bbon\u00bb background_image=\u00bbhttps:\/\/casafabulosa.com\/wp-content\/uploads\/2023\/01\/real-estate-24.jpg\u00bb background_enable_pattern_style=\u00bbon\u00bb background_pattern_style=\u00bbhoneycomb\u00bb background_pattern_color=\u00bbrgba(255,255,255,0.02)\u00bb saved_tabs=\u00bball\u00bb collapsed=\u00bbon\u00bb global_colors_info=\u00bb{}\u00bb][et_pb_row _builder_version=\u00bb4.18.0&#8243; _module_preset=\u00bbdefault\u00bb global_colors_info=\u00bb{}\u00bb][et_pb_column type=\u00bb4_4&#8243; _builder_version=\u00bb4.18.0&#8243; _module_preset=\u00bbdefault\u00bb global_colors_info=\u00bb{}\u00bb][et_pb_text _builder_version=\u00bb4.19.5&#8243; _module_preset=\u00bbb327cbe4-b1d5-4b66-ad37-40c8f2f061ba\u00bb header_2_font=\u00bbPlayfair Display|700|||||||\u00bb header_2_text_color=\u00bb#FFFFFF\u00bb header_2_font_size=\u00bb45px\u00bb header_2_line_height=\u00bb1.35em\u00bb header_2_font_size_tablet=\u00bb32px\u00bb header_2_font_size_phone=\u00bb20px\u00bb header_2_font_size_last_edited=\u00bbon|desktop\u00bb global_colors_info=\u00bb{}\u00bb]<\/p>\n<h2>Casa Fabulosa, Asesores Inmobiliarios.<\/h2>\n<p>[\/et_pb_text][\/et_pb_column][\/et_pb_row][et_pb_row column_structure=\u00bb1_3,1_3,1_3&#8243; _builder_version=\u00bb4.18.0&#8243; _module_preset=\u00bbdefault\u00bb global_colors_info=\u00bb{}\u00bb][et_pb_column type=\u00bb1_3&#8243; _builder_version=\u00bb4.18.0&#8243; _module_preset=\u00bbdefault\u00bb global_colors_info=\u00bb{}\u00bb][et_pb_blurb title=\u00bbCorreo electr\u00f3nico\u00bb image=\u00bbhttps:\/\/casafabulosa.com\/wp-content\/uploads\/2023\/01\/Real-estate-agent-icon-white-05.png\u00bb icon_placement=\u00bbleft\u00bb content_max_width=\u00bb100%\u00bb _builder_version=\u00bb4.19.5&#8243; _module_preset=\u00bb341773a8-7d77-4626-b15c-f95399f25521&#8243; header_font=\u00bbPlayfair Display|700|||||||\u00bb header_text_color=\u00bb#FFFFFF\u00bb header_line_height=\u00bb1.4em\u00bb body_font=\u00bbNanum Gothic||||||||\u00bb body_text_color=\u00bb#B3B3B3&#8243; body_font_size=\u00bb16px\u00bb body_line_height=\u00bb1.6em\u00bb body_link_text_color=\u00bb#FFFFFF\u00bb animation=\u00bboff\u00bb locked=\u00bboff\u00bb global_colors_info=\u00bb{}\u00bb]<\/p>\n<p><a href=\"mailto:#\">alejandro@casafabulosa.com<\/a><\/p>\n<p>[\/et_pb_blurb][et_pb_blurb title=\u00bbOficina\u00bb image=\u00bbhttps:\/\/casafabulosa.com\/wp-content\/uploads\/2023\/01\/Real-estate-agent-icon-white-21.png\u00bb icon_placement=\u00bbleft\u00bb content_max_width=\u00bb100%\u00bb _builder_version=\u00bb4.19.5&#8243; _module_preset=\u00bb341773a8-7d77-4626-b15c-f95399f25521&#8243; header_font=\u00bbPlayfair Display|700|||||||\u00bb header_text_color=\u00bb#FFFFFF\u00bb header_line_height=\u00bb1.4em\u00bb body_font=\u00bbNanum Gothic||||||||\u00bb body_text_color=\u00bb#B3B3B3&#8243; body_font_size=\u00bb16px\u00bb body_line_height=\u00bb1.6em\u00bb animation=\u00bboff\u00bb locked=\u00bboff\u00bb global_colors_info=\u00bb{}\u00bb]<\/p>\n<p>Ferrusquilla No.206. Palos Prietos<\/p>\n<p>Mazatl\u00e1n, Sinaloa C.P. 82010<\/p>\n<p>[\/et_pb_blurb][\/et_pb_column][et_pb_column type=\u00bb1_3&#8243; _builder_version=\u00bb4.18.0&#8243; _module_preset=\u00bbdefault\u00bb global_colors_info=\u00bb{}\u00bb][et_pb_blurb title=\u00bbTel\u00e9fono\u00bb image=\u00bbhttps:\/\/casafabulosa.com\/wp-content\/uploads\/2023\/01\/Real-estate-agent-icon-white-07.png\u00bb icon_placement=\u00bbleft\u00bb content_max_width=\u00bb100%\u00bb _builder_version=\u00bb4.19.5&#8243; _module_preset=\u00bb341773a8-7d77-4626-b15c-f95399f25521&#8243; header_font=\u00bbPlayfair Display|700|||||||\u00bb header_text_color=\u00bb#FFFFFF\u00bb header_line_height=\u00bb1.4em\u00bb body_font=\u00bbNanum Gothic||||||||\u00bb body_text_color=\u00bb#B3B3B3&#8243; body_font_size=\u00bb16px\u00bb body_line_height=\u00bb1.6em\u00bb animation=\u00bboff\u00bb locked=\u00bboff\u00bb global_colors_info=\u00bb{}\u00bb]<\/p>\n<p>669-431-5058<\/p>\n<p>[\/et_pb_blurb][et_pb_blurb title=\u00bbHorario de atenci\u00f3n\u00bb image=\u00bbhttps:\/\/casafabulosa.com\/wp-content\/uploads\/2023\/01\/Real-estate-agent-icon-white-08.png\u00bb icon_placement=\u00bbleft\u00bb content_max_width=\u00bb100%\u00bb _builder_version=\u00bb4.19.5&#8243; _module_preset=\u00bb341773a8-7d77-4626-b15c-f95399f25521&#8243; header_font=\u00bbPlayfair Display|700|||||||\u00bb header_text_color=\u00bb#FFFFFF\u00bb header_line_height=\u00bb1.4em\u00bb body_font=\u00bbNanum Gothic||||||||\u00bb body_text_color=\u00bb#B3B3B3&#8243; body_font_size=\u00bb16px\u00bb body_line_height=\u00bb1.6em\u00bb animation=\u00bboff\u00bb locked=\u00bboff\u00bb global_colors_info=\u00bb{}\u00bb]<\/p>\n<p>24\/ 7 \/ 365<\/p>\n<p>[\/et_pb_blurb][\/et_pb_column][et_pb_column type=\u00bb1_3&#8243; _builder_version=\u00bb4.18.0&#8243; _module_preset=\u00bbdefault\u00bb global_colors_info=\u00bb{}\u00bb][et_pb_blurb title=\u00bb\u00a1Suscr\u00edbete ahora para mantenerte al tanto de las \u00faltimas noticias y listados!:\u00bb image=\u00bbhttps:\/\/casafabulosa.com\/wp-content\/uploads\/2023\/01\/Real-estate-agent-icon-white-01.png\u00bb icon_placement=\u00bbleft\u00bb content_max_width=\u00bb100%\u00bb _builder_version=\u00bb4.19.5&#8243; _module_preset=\u00bb341773a8-7d77-4626-b15c-f95399f25521&#8243; header_font=\u00bbPlayfair Display|700|||||||\u00bb header_text_color=\u00bb#FFFFFF\u00bb header_line_height=\u00bb1.4em\u00bb body_font=\u00bbNanum Gothic||||||||\u00bb body_text_color=\u00bb#B3B3B3&#8243; body_font_size=\u00bb16px\u00bb body_line_height=\u00bb1.6em\u00bb animation=\u00bboff\u00bb locked=\u00bboff\u00bb global_colors_info=\u00bb{}\u00bb][\/et_pb_blurb][et_pb_signup mailchimp_list=\u00bbundefined|elegantthemestest|1ea2bbd026&#8243; layout=\u00bbtop_bottom\u00bb first_name_field=\u00bboff\u00bb last_name_field=\u00bboff\u00bb _builder_version=\u00bb4.18.0&#8243; _module_preset=\u00bbf5dd8511-592b-43f8-b02a-fca5b467e34a\u00bb form_field_background_color=\u00bbRGBA(255,255,255,0)\u00bb form_field_text_color=\u00bb#B3B3B3&#8243; form_field_custom_padding=\u00bb|0px||0px|false|false\u00bb form_field_font=\u00bbNanum Gothic||||||||\u00bb background_enable_color=\u00bboff\u00bb use_background_color=\u00bboff\u00bb custom_button=\u00bbon\u00bb button_text_size=\u00bb14px\u00bb button_text_color=\u00bb#FFFFFF\u00bb button_bg_color=\u00bbRGBA(255,255,255,0)\u00bb button_border_color=\u00bbRGBA(255,255,255,0)\u00bb button_border_radius=\u00bb0px\u00bb button_font=\u00bbUbuntu|700||on|||||\u00bb custom_padding=\u00bb|||50px|false|false\u00bb border_radii_fields=\u00bbon|0px|0px|0px|0px\u00bb border_color_all_fields=\u00bb#FFFFFF\u00bb border_width_bottom_fields=\u00bb2px\u00bb locked=\u00bboff\u00bb global_colors_info=\u00bb{}\u00bb][\/et_pb_signup][\/et_pb_column][\/et_pb_row][et_pb_row _builder_version=\u00bb4.18.0&#8243; _module_preset=\u00bbdefault\u00bb max_width=\u00bb510px\u00bb global_colors_info=\u00bb{}\u00bb][et_pb_column type=\u00bb4_4&#8243; _builder_version=\u00bb4.18.0&#8243; _module_preset=\u00bbdefault\u00bb global_colors_info=\u00bb{}\u00bb][et_pb_text _builder_version=\u00bb4.19.5&#8243; _module_preset=\u00bbaaa7c440-590a-4078-ae0c-0f3c699ac51c\u00bb header_font=\u00bb||||||||\u00bb header_3_font=\u00bbPlayfair Display|700|||||||\u00bb header_3_text_color=\u00bb#FFFFFF\u00bb header_3_font_size=\u00bb25px\u00bb header_3_line_height=\u00bb1.4em\u00bb text_orientation=\u00bbcenter\u00bb header_3_font_size_tablet=\u00bb20px\u00bb header_3_font_size_phone=\u00bb16px\u00bb header_3_font_size_last_edited=\u00bbon|phone\u00bb global_colors_info=\u00bb{}\u00bb]<\/p>\n<h3>\u00bfNecesitas ayuda?<\/h3>\n<p>[\/et_pb_text][et_pb_text _builder_version=\u00bb4.19.5&#8243; _module_preset=\u00bb1f09816e-184e-4ce5-a4cf-b39c52c423ca\u00bb text_font=\u00bbNanum Gothic||||||||\u00bb text_text_color=\u00bb#FFFFFF\u00bb text_font_size=\u00bb16px\u00bb text_line_height=\u00bb1.8em\u00bb text_orientation=\u00bbcenter\u00bb custom_padding=\u00bb||0px|||\u00bb text_font_size_tablet=\u00bb15px\u00bb text_font_size_phone=\u00bb14px\u00bb text_font_size_last_edited=\u00bbon|phone\u00bb header_font_size_tablet=\u00bb55px\u00bb header_font_size_last_edited=\u00bboff|desktop\u00bb global_colors_info=\u00bb{}\u00bb]<\/p>\n<p style=\"text-align: justify;\">Si necesitas ayuda en alg\u00fan aspecto en particular, no dudes en preguntarme. Como asesor inmobiliario con m\u00e1s de 15 a\u00f1os de experiencia en Mazatl\u00e1n, puedo proporcionarte informaci\u00f3n valiosa sobre el mercado inmobiliario, las tendencias y regulaciones actuales, as\u00ed como asesoramiento personalizado sobre c\u00f3mo manejar situaciones espec\u00edficas que puedan surgir durante el proceso de compra o venta de una propiedad.<\/p>\n<p style=\"text-align: justify;\">Mi objetivo es trabajar contigo para encontrar la mejor soluci\u00f3n a tus necesidades y ayudarte a alcanzar los mejores resultados posibles para ti y tus clientes. No importa si est\u00e1s buscando comprar, vender, rentar o administrar una propiedad, estoy aqu\u00ed para guiarte en todo el proceso y asegurarme de que tengas la mejor experiencia posible. No dudes en contactarme en cualquier momento para cualquier consulta o asistencia adicional. \u00a1Estoy aqu\u00ed para ayudarte!<\/p>\n<p>[\/et_pb_text][\/et_pb_column][\/et_pb_row][et_pb_row column_structure=\u00bb1_3,1_3,1_3&#8243; _builder_version=\u00bb4.18.0&#8243; _module_preset=\u00bbdefault\u00bb border_color_all=\u00bb#B3B3B3&#8243; border_width_top=\u00bb1px\u00bb border_color_top=\u00bbrgba(255,255,255,0.17)\u00bb global_colors_info=\u00bb{}\u00bb][et_pb_column type=\u00bb1_3&#8243; _builder_version=\u00bb4.18.0&#8243; _module_preset=\u00bbdefault\u00bb global_colors_info=\u00bb{}\u00bb][et_pb_text _builder_version=\u00bb4.18.0&#8243; _dynamic_attributes=\u00bbcontent\u00bb _module_preset=\u00bb1f09816e-184e-4ce5-a4cf-b39c52c423ca\u00bb text_font=\u00bbNanum Gothic||||||||\u00bb text_text_color=\u00bb#FFFFFF\u00bb text_font_size=\u00bb16px\u00bb text_line_height=\u00bb1.8em\u00bb link_text_color=\u00bb#FFFFFF\u00bb text_font_size_tablet=\u00bb15px\u00bb text_font_size_phone=\u00bb14px\u00bb text_font_size_last_edited=\u00bbon|phone\u00bb header_font_size_tablet=\u00bb55px\u00bb header_font_size_last_edited=\u00bboff|desktop\u00bb text_orientation_tablet=\u00bbcenter\u00bb text_orientation_phone=\u00bb\u00bb text_orientation_last_edited=\u00bbon|tablet\u00bb global_colors_info=\u00bb{}\u00bb]@ET-DC@eyJkeW5hbWljIjp0cnVlLCJjb250ZW50IjoiY3VycmVudF9kYXRlIiwic2V0dGluZ3MiOnsiYmVmb3JlIjoiQ29weXJpZ2h0ICZjb3B5OyAiLCJhZnRlciI6IiB8IDxhIGhyZWY9XCIjXCI+UHJpdmFjeSBQb2xpY3k8L2E+IiwiZGF0ZV9mb3JtYXQiOiJjdXN0b20iLCJjdXN0b21fZGF0ZV9mb3JtYXQiOiJZIn19@[\/et_pb_text][\/et_pb_column][et_pb_column type=\u00bb1_3&#8243; _builder_version=\u00bb4.18.0&#8243; _module_preset=\u00bbdefault\u00bb global_colors_info=\u00bb{}\u00bb][et_pb_social_media_follow icon_color=\u00bb#FFFFFF\u00bb use_icon_font_size=\u00bbon\u00bb icon_font_size=\u00bb22px\u00bb _builder_version=\u00bb4.18.0&#8243; _module_preset=\u00bbdefault\u00bb text_orientation=\u00bbcenter\u00bb custom_margin=\u00bb-10px||||false|false\u00bb custom_padding=\u00bb||||false|false\u00bb global_colors_info=\u00bb{}\u00bb][et_pb_social_media_follow_network social_network=\u00bbfacebook\u00bb _builder_version=\u00bb4.18.0&#8243; _module_preset=\u00bbdefault\u00bb global_colors_info=\u00bb{}\u00bb follow_button=\u00bboff\u00bb url_new_window=\u00bbon\u00bb]facebook[\/et_pb_social_media_follow_network][et_pb_social_media_follow_network social_network=\u00bbtwitter\u00bb _builder_version=\u00bb4.18.0&#8243; _module_preset=\u00bbdefault\u00bb global_colors_info=\u00bb{}\u00bb follow_button=\u00bboff\u00bb url_new_window=\u00bbon\u00bb]twitter[\/et_pb_social_media_follow_network][et_pb_social_media_follow_network social_network=\u00bbinstagram\u00bb _builder_version=\u00bb4.18.0&#8243; _module_preset=\u00bbdefault\u00bb global_colors_info=\u00bb{}\u00bb follow_button=\u00bboff\u00bb url_new_window=\u00bbon\u00bb]instagram[\/et_pb_social_media_follow_network][\/et_pb_social_media_follow][\/et_pb_column][et_pb_column type=\u00bb1_3&#8243; _builder_version=\u00bb4.18.0&#8243; _module_preset=\u00bbdefault\u00bb global_colors_info=\u00bb{}\u00bb][et_pb_text _builder_version=\u00bb4.18.0&#8243; _module_preset=\u00bbf726c6b6-2fde-4699-9f43-6b2cebd4d1d9&#8243; header_5_font=\u00bbPlayfair Display|700|||||||\u00bb header_5_text_color=\u00bb#FFFFFF\u00bb header_5_font_size=\u00bb18px\u00bb header_5_line_height=\u00bb1.4em\u00bb text_orientation=\u00bbright\u00bb custom_margin=\u00bb||0px||false|false\u00bb header_5_font_size_tablet=\u00bb16px\u00bb header_5_font_size_phone=\u00bb14px\u00bb header_5_font_size_last_edited=\u00bbon|desktop\u00bb text_orientation_tablet=\u00bbcenter\u00bb text_orientation_phone=\u00bb\u00bb text_orientation_last_edited=\u00bbon|tablet\u00bb global_colors_info=\u00bb{}\u00bb]<\/p>\n<h5>Divi &#8211; Real Estate Agent<\/h5>\n<p>[\/et_pb_text][\/et_pb_column][\/et_pb_row][\/et_pb_section]<\/p>\n","protected":false},"excerpt":{"rendered":"<p>\u00a1Hola!Conoce a Alejandro: tu agente inmobiliario en Mazatl\u00e1n con m\u00e1s de 15 a\u00f1os de experiencia.\u00a1Hola! Soy Alejandro, un agente inmobiliario con m\u00e1s de 15 a\u00f1os de experiencia en Mazatl\u00e1n. Si buscas comprar, vender, rentar o administrar una propiedad, has llegado al lugar correcto. Mi amplia experiencia en el mercado inmobiliario me permite ofrecerte un servicio [&hellip;]<\/p>\n","protected":false},"author":1,"featured_media":0,"parent":0,"menu_order":0,"comment_status":"closed","ping_status":"closed","template":"","meta":{"_et_pb_use_builder":"on","_et_pb_old_content":"","_et_gb_content_width":"","footnotes":""},"class_list":["post-168","page","type-page","status-publish","hentry"],"_links":{"self":[{"href":"https:\/\/casafabulosa.com\/index.php\/wp-json\/wp\/v2\/pages\/168","targetHints":{"allow":["GET"]}}],"collection":[{"href":"https:\/\/casafabulosa.com\/index.php\/wp-json\/wp\/v2\/pages"}],"about":[{"href":"https:\/\/casafabulosa.com\/index.php\/wp-json\/wp\/v2\/types\/page"}],"author":[{"embeddable":true,"href":"https:\/\/casafabulosa.com\/index.php\/wp-json\/wp\/v2\/users\/1"}],"replies":[{"embeddable":true,"href":"https:\/\/casafabulosa.com\/index.php\/wp-json\/wp\/v2\/comments?post=168"}],"version-history":[{"count":8,"href":"https:\/\/casafabulosa.com\/index.php\/wp-json\/wp\/v2\/pages\/168\/revisions"}],"predecessor-version":[{"id":267,"href":"https:\/\/casafabulosa.com\/index.php\/wp-json\/wp\/v2\/pages\/168\/revisions\/267"}],"wp:attachment":[{"href":"https:\/\/casafabulosa.com\/index.php\/wp-json\/wp\/v2\/media?parent=168"}],"curies":[{"name":"wp","href":"https:\/\/api.w.org\/{rel}","templated":true}]}}